{"id":14,"date":"2018-10-23T17:01:38","date_gmt":"2018-10-23T15:01:38","guid":{"rendered":"http:\/\/nay-seven.com\/?page_id=14"},"modified":"2022-09-18T18:37:26","modified_gmt":"2022-09-18T16:37:26","slug":"links","status":"publish","type":"page","link":"https:\/\/nay-seven.com\/index.php\/links\/","title":{"rendered":"Sounds &#038; Music"},"content":{"rendered":"\n\n\n<h1 class=\"has-medium-font-size\">Page Soundcloud<\/h1>\n\n\n\n<p><iframe loading=\"lazy\" title=\"nay-seven\" width=\"584\" height=\"450\" scrolling=\"no\" frameborder=\"no\" src=\"https:\/\/w.soundcloud.com\/player\/?visual=true&#038;url=https%3A%2F%2Fapi.soundcloud.com%2Fusers%2F871127&#038;show_artwork=true&#038;maxheight=876&#038;maxwidth=584\"><\/iframe> <\/p>\n\n\n\n<pre class=\"wp-block-code\"><code><\/code><\/pre>\n\n\n\n<h1>My Bandcamp page<\/h1>\n\n\n<p><iframe style=\"border: 0; width: 500px; height: 373px;\" src=\"https:\/\/bandcamp.com\/EmbeddedPlayer\/album=3842173215\/size=large\/bgcol=333333\/linkcol=0f91ff\/artwork=small\/transparent=true\/\" seamless=\"\"><a href=\"https:\/\/nay-seven.bandcamp.com\/album\/evo\">EVO by Nay-Seven<\/a><\/iframe><\/p>\n\n\n\n<h1>Switched On Rack<\/h1>\n\n\n\n\n\n<p class=\"has-medium-font-size\">Switched On Rack est un album de collaboration bas\u00e9 sur des titres r\u00e9alis\u00e9s avec VCV Rack, le synth\u00e9tiseur modulaire virtuel open-source. Ma participation est le morceau 10 \u00ab\u00a0assemblage point\u00a0\u00bb<\/p>\n\n\n\n<iframe style=\"border: 0; width: 100%; height: 120px;\" src=\"https:\/\/bandcamp.com\/EmbeddedPlayer\/album=3282243019\/size=large\/bgcol=ffffff\/linkcol=0687f5\/tracklist=false\/artwork=small\/transparent=true\/\" seamless=\"\"><a href=\"https:\/\/switchedonrack.bandcamp.com\/album\/switched-on-rack-vol-2\">Switched On Rack Vol. 2 by Switched On Rack<\/a><\/iframe>\n\n\n\n<p>\u00a0<\/p>\n<p><strong>PolterGast BandCamp page<\/strong><\/p>\n<div dir=\"auto\">\u00a0<\/div>\n\n\n\n<h2><\/h2>\n\n\n\n<p class=\"has-medium-font-size\">Poltergast is a new Improvisation project:<\/p>\n\n\n\n<p class=\"has-medium-font-size\">Based in Rennes&nbsp;\/France and composed of <a href=\"https:\/\/www.facebook.com\/lying.dalai?__cft__[0]=AZX88ESR_Fu6AexQ3wp4dNo73_ouJCwU7bBaT6iuHUlh_o5u7HizXjy0HAe6xoeT9KFBeAUueM54IjN1sMo88a563t4w1Y-U4BfoxXJ9f24Lul-BFU7AhjCGSRCCMzmsxB4&amp;__tn__=-]K-R\">Lying Dalai<\/a> &amp; me.<\/p>\n\n\n\n<p class=\"has-medium-font-size\">We&rsquo;re really happy to present you this album named Third portal. The sound is entirely coming from our 3rd improvisation session from Dec. 9th 2021.<\/p>\n\n\n\n<p class=\"has-medium-font-size\">Hope you&rsquo;ll enjoy !<\/p>\n\n\n\n\n<p><iframe style=\"border: 0; width: 500px; height: 472px;\" src=\"https:\/\/bandcamp.com\/EmbeddedPlayer\/album=76353336\/size=large\/bgcol=333333\/linkcol=0f91ff\/artwork=small\/transparent=true\/\" seamless=\"\"><a href=\"https:\/\/poltergast.bandcamp.com\/album\/third-portal\">Third Portal by Poltergast<\/a><\/iframe><\/p>\n","protected":false},"excerpt":{"rendered":"<p>Page Soundcloud My Bandcamp page Switched On Rack Switched On Rack est un album de collaboration bas\u00e9 sur des titres r\u00e9alis\u00e9s avec VCV Rack, le synth\u00e9tiseur modulaire virtuel open-source. Ma participation est le morceau 10 \u00ab\u00a0assemblage point\u00a0\u00bb Switched On Rack &hellip; <a href=\"https:\/\/nay-seven.com\/index.php\/links\/\">Continuer la lecture <span class=\"meta-nav\">&rarr;<\/span><\/a><\/p>\n","protected":false},"author":1,"featured_media":0,"parent":0,"menu_order":0,"comment_status":"closed","ping_status":"closed","template":"","meta":{"_bbp_topic_count":0,"_bbp_reply_count":0,"_bbp_total_topic_count":0,"_bbp_total_reply_count":0,"_bbp_voice_count":0,"_bbp_anonymous_reply_count":0,"_bbp_topic_count_hidden":0,"_bbp_reply_count_hidden":0,"_bbp_forum_subforum_count":0},"_links":{"self":[{"href":"https:\/\/nay-seven.com\/index.php\/wp-json\/wp\/v2\/pages\/14"}],"collection":[{"href":"https:\/\/nay-seven.com\/index.php\/wp-json\/wp\/v2\/pages"}],"about":[{"href":"https:\/\/nay-seven.com\/index.php\/wp-json\/wp\/v2\/types\/page"}],"author":[{"embeddable":true,"href":"https:\/\/nay-seven.com\/index.php\/wp-json\/wp\/v2\/users\/1"}],"replies":[{"embeddable":true,"href":"https:\/\/nay-seven.com\/index.php\/wp-json\/wp\/v2\/comments?post=14"}],"version-history":[{"count":13,"href":"https:\/\/nay-seven.com\/index.php\/wp-json\/wp\/v2\/pages\/14\/revisions"}],"predecessor-version":[{"id":786,"href":"https:\/\/nay-seven.com\/index.php\/wp-json\/wp\/v2\/pages\/14\/revisions\/786"}],"wp:attachment":[{"href":"https:\/\/nay-seven.com\/index.php\/wp-json\/wp\/v2\/media?parent=14"}],"curies":[{"name":"wp","href":"https:\/\/api.w.org\/{rel}","templated":true}]}}