{"id":199,"date":"2018-10-24T20:40:33","date_gmt":"2018-10-24T18:40:33","guid":{"rendered":"http:\/\/nay-seven.com\/?page_id=199"},"modified":"2021-07-17T12:01:33","modified_gmt":"2021-07-17T10:01:33","slug":"videos","status":"publish","type":"page","link":"https:\/\/nay-seven.com\/index.php\/videos\/","title":{"rendered":"Vid\u00e9os"},"content":{"rendered":"\n\n\n<h2>The Ceremony &#8211; Migration Series 3\/3 (Rennes Edition &#8211; Maintenant festival)<\/h2>\n\n\n\n<p>Encore plein de super souvenirs de cette semaine de r\u00e9sidence, merci\u00a0 \u00e0 <a class=\"profileLink\" href=\"https:\/\/www.facebook.com\/association.electronik\/?__tn__=K-R&amp;eid=ARD4L9pztU5wnePfltOLboEGxU5rccrKG4E4-52eQP-Z7WO0EKvVfED7txJgLTDVMDjv3I73S_IaleP1&amp;fref=mentions&amp;__xts__%5B0%5D=68.ARA6jrAQaka4rwyzotCfHHZ6lGYmSGUFlEL_cSlGPBinOflfTp5Nl1G2kTL16HwhE6Gpk6dwc3iPlKHIAF-nTnAy6_YB8lIAxuNSCD4Nb1uTRpm5G6hSD-YjDmBFDwY9B9v80Ruuwky5pPK4CzQ7-durcicgZgdUfMh9SJiuirHbmLGvWZ0gpPp1r54tDVJrs1KZIvuoC9wYi-ftmQ\" data-hovercard=\"\/ajax\/hovercard\/page.php?id=169839133189689&amp;extragetparams=%7B%22__tn__%22%3A%22%2CdK-R-R%22%2C%22eid%22%3A%22ARD4L9pztU5wnePfltOLboEGxU5rccrKG4E4-52eQP-Z7WO0EKvVfED7txJgLTDVMDjv3I73S_IaleP1%22%2C%22fref%22%3A%22mentions%22%7D\" data-hovercard-prefer-more-content-show=\"1\">Electroni-k<\/a> et <a class=\"profileLink\" href=\"https:\/\/www.facebook.com\/maintenant.festival\/?__tn__=K-R&amp;eid=ARB06WDbBf8_c4j8FndcVpIoIhGo92Y6se_gF5nXnvXPi8DNSHbiY50XkueX5aKimmNCxW6SU_wDebVJ&amp;fref=mentions&amp;__xts__%5B0%5D=68.ARA6jrAQaka4rwyzotCfHHZ6lGYmSGUFlEL_cSlGPBinOflfTp5Nl1G2kTL16HwhE6Gpk6dwc3iPlKHIAF-nTnAy6_YB8lIAxuNSCD4Nb1uTRpm5G6hSD-YjDmBFDwY9B9v80Ruuwky5pPK4CzQ7-durcicgZgdUfMh9SJiuirHbmLGvWZ0gpPp1r54tDVJrs1KZIvuoC9wYi-ftmQ\" data-hovercard=\"\/ajax\/hovercard\/page.php?id=507590362712908&amp;extragetparams=%7B%22__tn__%22%3A%22%2CdK-R-R%22%2C%22eid%22%3A%22ARB06WDbBf8_c4j8FndcVpIoIhGo92Y6se_gF5nXnvXPi8DNSHbiY50XkueX5aKimmNCxW6SU_wDebVJ%22%2C%22fref%22%3A%22mentions%22%7D\" data-hovercard-prefer-more-content-show=\"1\">Maintenant Festival<\/a> et le <a class=\"profileLink\" href=\"https:\/\/www.facebook.com\/ccnrb.faire\/?__tn__=K-R&amp;eid=ARDzTmDBLPgFHrpbpsF0TSAb5WaDh77fHxYbOQPSETTKhViH5iO8v-kBA3L4oDXpgzFQTCoy4dh7nWzK&amp;fref=mentions&amp;__xts__%5B0%5D=68.ARA6jrAQaka4rwyzotCfHHZ6lGYmSGUFlEL_cSlGPBinOflfTp5Nl1G2kTL16HwhE6Gpk6dwc3iPlKHIAF-nTnAy6_YB8lIAxuNSCD4Nb1uTRpm5G6hSD-YjDmBFDwY9B9v80Ruuwky5pPK4CzQ7-durcicgZgdUfMh9SJiuirHbmLGvWZ0gpPp1r54tDVJrs1KZIvuoC9wYi-ftmQ\" data-hovercard=\"\/ajax\/hovercard\/page.php?id=273315956877082&amp;extragetparams=%7B%22__tn__%22%3A%22%2CdK-R-R%22%2C%22eid%22%3A%22ARDzTmDBLPgFHrpbpsF0TSAb5WaDh77fHxYbOQPSETTKhViH5iO8v-kBA3L4oDXpgzFQTCoy4dh7nWzK%22%2C%22fref%22%3A%22mentions%22%7D\" data-hovercard-prefer-more-content-show=\"1\">CCNRB<\/a> de nous offrir ces espaces de cr\u00e9ation, malgr\u00e9 tous les obstacles (les anciens qui sont toujours la et les nouveaux <a class=\"_58cn\" href=\"https:\/\/www.facebook.com\/hashtag\/put1decovid?__eep__=6&amp;source=feed_text&amp;epa=HASHTAG&amp;__xts__%5B0%5D=68.ARA6jrAQaka4rwyzotCfHHZ6lGYmSGUFlEL_cSlGPBinOflfTp5Nl1G2kTL16HwhE6Gpk6dwc3iPlKHIAF-nTnAy6_YB8lIAxuNSCD4Nb1uTRpm5G6hSD-YjDmBFDwY9B9v80Ruuwky5pPK4CzQ7-durcicgZgdUfMh9SJiuirHbmLGvWZ0gpPp1r54tDVJrs1KZIvuoC9wYi-ftmQ&amp;__tn__=%2ANK-R\" data-ft=\"{&quot;type&quot;:104,&quot;tn&quot;:&quot;*N&quot;}\"><span class=\"_5afx\"><span class=\"_58cl _5afz\" aria-label=\"hashtag\">#<\/span><span class=\"_58cm\">put1deCovid<\/span><\/span><\/a>) un grand bravo au photographe <a class=\"profileLink\" href=\"https:\/\/www.facebook.com\/GwendalLeFlem.photographe\/?__tn__=K-R&amp;eid=ARCMnudUCqs3RFxuBZ4fgm38LVIKmkaSjnrtHoFGlXScrwUhhYTHf8fmFaZ65YyWmreMzxWW-gZH8_Vf&amp;fref=mentions&amp;__xts__%5B0%5D=68.ARA6jrAQaka4rwyzotCfHHZ6lGYmSGUFlEL_cSlGPBinOflfTp5Nl1G2kTL16HwhE6Gpk6dwc3iPlKHIAF-nTnAy6_YB8lIAxuNSCD4Nb1uTRpm5G6hSD-YjDmBFDwY9B9v80Ruuwky5pPK4CzQ7-durcicgZgdUfMh9SJiuirHbmLGvWZ0gpPp1r54tDVJrs1KZIvuoC9wYi-ftmQ\" data-hovercard=\"\/ajax\/hovercard\/page.php?id=158637744172364&amp;extragetparams=%7B%22__tn__%22%3A%22%2CdK-R-R%22%2C%22eid%22%3A%22ARCMnudUCqs3RFxuBZ4fgm38LVIKmkaSjnrtHoFGlXScrwUhhYTHf8fmFaZ65YyWmreMzxWW-gZH8_Vf%22%2C%22fref%22%3A%22mentions%22%7D\" data-hovercard-prefer-more-content-show=\"1\">Gwendal Le Flem<\/a> pour avoir capt\u00e9 cette \u00e9nergie particuli\u00e8re qui nous a habit\u00e9 pendant cette r\u00e9sidence . Merci encore \u00e0 <a class=\"profileLink\" href=\"https:\/\/www.facebook.com\/nsdoslazerconnect\/?__tn__=K-R&amp;eid=ARCQw0v6WGW1ZsJhRq6RVkT4Vof1Ai4e47-readsyaxH2olmZyM2VLmUPEIaDKB9cpyQwQ1ydgSirkp6&amp;fref=mentions&amp;__xts__%5B0%5D=68.ARA6jrAQaka4rwyzotCfHHZ6lGYmSGUFlEL_cSlGPBinOflfTp5Nl1G2kTL16HwhE6Gpk6dwc3iPlKHIAF-nTnAy6_YB8lIAxuNSCD4Nb1uTRpm5G6hSD-YjDmBFDwY9B9v80Ruuwky5pPK4CzQ7-durcicgZgdUfMh9SJiuirHbmLGvWZ0gpPp1r54tDVJrs1KZIvuoC9wYi-ftmQ\" data-hovercard=\"\/ajax\/hovercard\/page.php?id=225476964273637&amp;extragetparams=%7B%22__tn__%22%3A%22%2CdK-R-R%22%2C%22eid%22%3A%22ARCQw0v6WGW1ZsJhRq6RVkT4Vof1Ai4e47-readsyaxH2olmZyM2VLmUPEIaDKB9cpyQwQ1ydgSirkp6%22%2C%22fref%22%3A%22mentions%22%7D\" data-hovercard-prefer-more-content-show=\"1\">NSDOS<\/a> pour l&rsquo;invitation, <a class=\"profileLink\" title=\"Linda Hayford Paradox-sal\" href=\"https:\/\/www.facebook.com\/linda.hayford.7?__tn__=K-R&amp;eid=ARDql67BzM8-EIQ6iLCi1YTbQaPm9tDy-oHXJrVCgzNMDla_2RN-fSF5ineIjQjWfVNvgDJ4fGtnS1aN&amp;fref=mentions&amp;__xts__%5B0%5D=68.ARA6jrAQaka4rwyzotCfHHZ6lGYmSGUFlEL_cSlGPBinOflfTp5Nl1G2kTL16HwhE6Gpk6dwc3iPlKHIAF-nTnAy6_YB8lIAxuNSCD4Nb1uTRpm5G6hSD-YjDmBFDwY9B9v80Ruuwky5pPK4CzQ7-durcicgZgdUfMh9SJiuirHbmLGvWZ0gpPp1r54tDVJrs1KZIvuoC9wYi-ftmQ\" data-hovercard=\"\/ajax\/hovercard\/user.php?id=1025506409&amp;extragetparams=%7B%22__tn__%22%3A%22%2CdK-R-R%22%2C%22eid%22%3A%22ARDql67BzM8-EIQ6iLCi1YTbQaPm9tDy-oHXJrVCgzNMDla_2RN-fSF5ineIjQjWfVNvgDJ4fGtnS1aN%22%2C%22fref%22%3A%22mentions%22%7D\" data-hovercard-prefer-more-content-show=\"1\">Linda Hayford Paradox-sal<\/a> <a class=\"profileLink\" href=\"https:\/\/www.facebook.com\/viktorstargazer\/?__tn__=K-R&amp;eid=ARBXQAYRNeIFBaSyREPfTMO-zOsrYgLiz0mm1A4bmJ21pvexdwoJtM-MkcipJvMW1VJJhjsMqTfx0hq5&amp;fref=mentions&amp;__xts__%5B0%5D=68.ARA6jrAQaka4rwyzotCfHHZ6lGYmSGUFlEL_cSlGPBinOflfTp5Nl1G2kTL16HwhE6Gpk6dwc3iPlKHIAF-nTnAy6_YB8lIAxuNSCD4Nb1uTRpm5G6hSD-YjDmBFDwY9B9v80Ruuwky5pPK4CzQ7-durcicgZgdUfMh9SJiuirHbmLGvWZ0gpPp1r54tDVJrs1KZIvuoC9wYi-ftmQ\" data-hovercard=\"\/ajax\/hovercard\/page.php?id=2332639577000547&amp;extragetparams=%7B%22__tn__%22%3A%22%2CdK-R-R%22%2C%22eid%22%3A%22ARBXQAYRNeIFBaSyREPfTMO-zOsrYgLiz0mm1A4bmJ21pvexdwoJtM-MkcipJvMW1VJJhjsMqTfx0hq5%22%2C%22fref%22%3A%22mentions%22%7D\" data-hovercard-prefer-more-content-show=\"1\">Viktor Stargazer<\/a> Franka Marlene Foth, Lo\u00efc Koutana, Mana Lobato <a class=\"profileLink\" title=\"Ga\u00e9tan Nael\" href=\"https:\/\/www.facebook.com\/gaetan.nael?__tn__=K-R&amp;eid=ARDDacIfAfunZJFE--n2GU2VW3YqrpxENea6saepX3RUd1Z4igvHWEqVUiSesVvv7fhLuubYH9rbp8oV&amp;fref=mentions&amp;__xts__%5B0%5D=68.ARA6jrAQaka4rwyzotCfHHZ6lGYmSGUFlEL_cSlGPBinOflfTp5Nl1G2kTL16HwhE6Gpk6dwc3iPlKHIAF-nTnAy6_YB8lIAxuNSCD4Nb1uTRpm5G6hSD-YjDmBFDwY9B9v80Ruuwky5pPK4CzQ7-durcicgZgdUfMh9SJiuirHbmLGvWZ0gpPp1r54tDVJrs1KZIvuoC9wYi-ftmQ\" data-hovercard=\"\/ajax\/hovercard\/user.php?id=533118882&amp;extragetparams=%7B%22__tn__%22%3A%22%2CdK-R-R%22%2C%22eid%22%3A%22ARDDacIfAfunZJFE--n2GU2VW3YqrpxENea6saepX3RUd1Z4igvHWEqVUiSesVvv7fhLuubYH9rbp8oV%22%2C%22fref%22%3A%22mentions%22%7D\" data-hovercard-prefer-more-content-show=\"1\">Ga\u00e9tan Nael<\/a>, Lucie, Pascal du CCNRB, <a class=\"profileLink\" href=\"https:\/\/www.facebook.com\/cecilemahe22\/?__tn__=K-R&amp;eid=ARC9lTenTMV6a24yMHQU9wRCDv01UJFmeCFck2x9CkCqlAa4Yy7QygiMHBpQmc6aKY5ZEAiXeVZPumwV&amp;fref=mentions&amp;__xts__%5B0%5D=68.ARA6jrAQaka4rwyzotCfHHZ6lGYmSGUFlEL_cSlGPBinOflfTp5Nl1G2kTL16HwhE6Gpk6dwc3iPlKHIAF-nTnAy6_YB8lIAxuNSCD4Nb1uTRpm5G6hSD-YjDmBFDwY9B9v80Ruuwky5pPK4CzQ7-durcicgZgdUfMh9SJiuirHbmLGvWZ0gpPp1r54tDVJrs1KZIvuoC9wYi-ftmQ\" data-hovercard=\"\/ajax\/hovercard\/page.php?id=625664974209647&amp;extragetparams=%7B%22__tn__%22%3A%22%2CdK-R-R%22%2C%22eid%22%3A%22ARC9lTenTMV6a24yMHQU9wRCDv01UJFmeCFck2x9CkCqlAa4Yy7QygiMHBpQmc6aKY5ZEAiXeVZPumwV%22%2C%22fref%22%3A%22mentions%22%7D\" data-hovercard-prefer-more-content-show=\"1\">C\u00e9cile Mah\u00e9<\/a> , <a class=\"profileLink\" title=\"Cl\u00e9mence Lesn\u00e9\" href=\"https:\/\/www.facebook.com\/clemence.lesne?__tn__=K-R&amp;eid=ARBsL1uyKdiDasQpXoLDj7M_E1trL-oLoJByMyUlGUmPeDmLBYzpyF2hevj5HM8DqcMIOooTgQ0VwQHT&amp;fref=mentions&amp;__xts__%5B0%5D=68.ARA6jrAQaka4rwyzotCfHHZ6lGYmSGUFlEL_cSlGPBinOflfTp5Nl1G2kTL16HwhE6Gpk6dwc3iPlKHIAF-nTnAy6_YB8lIAxuNSCD4Nb1uTRpm5G6hSD-YjDmBFDwY9B9v80Ruuwky5pPK4CzQ7-durcicgZgdUfMh9SJiuirHbmLGvWZ0gpPp1r54tDVJrs1KZIvuoC9wYi-ftmQ\" data-hovercard=\"\/ajax\/hovercard\/user.php?id=1294341569&amp;extragetparams=%7B%22__tn__%22%3A%22%2CdK-R-R%22%2C%22eid%22%3A%22ARBsL1uyKdiDasQpXoLDj7M_E1trL-oLoJByMyUlGUmPeDmLBYzpyF2hevj5HM8DqcMIOooTgQ0VwQHT%22%2C%22fref%22%3A%22mentions%22%7D\" data-hovercard-prefer-more-content-show=\"1\">Cl\u00e9mence Lesn\u00e9<\/a>, <a class=\"profileLink\" title=\"Younn Durand\" href=\"https:\/\/www.facebook.com\/profile.php?id=100012935888983&amp;__tn__=K-R&amp;eid=ARCTv-fP3jzh_uzLakoD7dlrqIPKRm6hs8fMJ2mQXxkbqbbEnMNwiOdCqbuWZuevrijnrA4YHv43P0aV&amp;fref=mentions&amp;__xts__%5B0%5D=68.ARA6jrAQaka4rwyzotCfHHZ6lGYmSGUFlEL_cSlGPBinOflfTp5Nl1G2kTL16HwhE6Gpk6dwc3iPlKHIAF-nTnAy6_YB8lIAxuNSCD4Nb1uTRpm5G6hSD-YjDmBFDwY9B9v80Ruuwky5pPK4CzQ7-durcicgZgdUfMh9SJiuirHbmLGvWZ0gpPp1r54tDVJrs1KZIvuoC9wYi-ftmQ\" data-hovercard=\"\/ajax\/hovercard\/user.php?id=100012935888983&amp;extragetparams=%7B%22__tn__%22%3A%22%2CdK-R-R%22%2C%22eid%22%3A%22ARCTv-fP3jzh_uzLakoD7dlrqIPKRm6hs8fMJ2mQXxkbqbbEnMNwiOdCqbuWZuevrijnrA4YHv43P0aV%22%2C%22fref%22%3A%22mentions%22%7D\" data-hovercard-prefer-more-content-show=\"1\">Younn Durand<\/a> et ceux que j&rsquo;oublie .<\/p>\n\n\n\n<p><iframe loading=\"lazy\" src=\"\/\/player.vimeo.com\/video\/467040771?title=0&amp;amp;byline=0\" width=\"640\" height=\"360\" frameborder=\"0\" allowfullscreen=\"allowfullscreen\" data-mce-fragment=\"1\"><\/iframe><\/p>\n<p><a href=\"https:\/\/vimeo.com\/467040771\">The Ceremony &#8211; Migration Series 3\/3 (Rennes Edition &#8211; Maintenant festival)<\/a> from <a href=\"https:\/\/vimeo.com\/associationelectronik\">Association Electroni[k]<\/a> on <a href=\"https:\/\/vimeo.com\">Vimeo<\/a>.<\/p>\n\n\n\n<figure class=\"wp-block-embed is-type-video is-provider-vimeo wp-block-embed-vimeo wp-embed-aspect-16-9 wp-has-aspect-ratio\"><div class=\"wp-block-embed__wrapper\">\n<iframe loading=\"lazy\" title=\"The Ceremony, Migration Series 3 Rennes &amp;mdash; Coop&amp;eacute;ration internationale\" src=\"https:\/\/player.vimeo.com\/video\/567066849?h=0e52aa13ee&amp;dnt=1&amp;app_id=122963\" width=\"584\" height=\"329\" frameborder=\"0\" allow=\"autoplay; fullscreen; picture-in-picture\" allowfullscreen><\/iframe>\n<\/div><figcaption>Le reportage de <a href=\"https:\/\/www.facebook.com\/clemence.lesne?__tn__=K-R&amp;eid=ARBsL1uyKdiDasQpXoLDj7M_E1trL-oLoJByMyUlGUmPeDmLBYzpyF2hevj5HM8DqcMIOooTgQ0VwQHT&amp;fref=mentions&amp;__xts__%5B0%5D=68.ARA6jrAQaka4rwyzotCfHHZ6lGYmSGUFlEL_cSlGPBinOflfTp5Nl1G2kTL16HwhE6Gpk6dwc3iPlKHIAF-nTnAy6_YB8lIAxuNSCD4Nb1uTRpm5G6hSD-YjDmBFDwY9B9v80Ruuwky5pPK4CzQ7-durcicgZgdUfMh9SJiuirHbmLGvWZ0gpPp1r54tDVJrs1KZIvuoC9wYi-ftmQ\">Cl\u00e9mence Lesn\u00e9<\/a> et <a href=\"https:\/\/www.facebook.com\/profile.php?id=100012935888983&amp;__tn__=K-R&amp;eid=ARCTv-fP3jzh_uzLakoD7dlrqIPKRm6hs8fMJ2mQXxkbqbbEnMNwiOdCqbuWZuevrijnrA4YHv43P0aV&amp;fref=mentions&amp;__xts__%5B0%5D=68.ARA6jrAQaka4rwyzotCfHHZ6lGYmSGUFlEL_cSlGPBinOflfTp5Nl1G2kTL16HwhE6Gpk6dwc3iPlKHIAF-nTnAy6_YB8lIAxuNSCD4Nb1uTRpm5G6hSD-YjDmBFDwY9B9v80Ruuwky5pPK4CzQ7-durcicgZgdUfMh9SJiuirHbmLGvWZ0gpPp1r54tDVJrs1KZIvuoC9wYi-ftmQ\">Younn Durand<\/a> sur notre semaine de r\u00e9sidence<\/figcaption><\/figure>\n\n\n\n<h2>Page Vimeo<\/h2>\n\n\n\n<figure class=\"wp-block-image\"><a href=\"https:\/\/vimeo.com\/nayseven\"><img loading=\"lazy\" width=\"500\" height=\"309\" src=\"https:\/\/nay-seven.com\/wp-content\/uploads\/2018\/10\/video-screen.jpg\" alt=\"\" class=\"wp-image-200\" srcset=\"https:\/\/nay-seven.com\/wp-content\/uploads\/2018\/10\/video-screen.jpg 500w, https:\/\/nay-seven.com\/wp-content\/uploads\/2018\/10\/video-screen-300x185.jpg 300w, https:\/\/nay-seven.com\/wp-content\/uploads\/2018\/10\/video-screen-485x300.jpg 485w\" sizes=\"(max-width: 500px) 100vw, 500px\" \/><\/a><\/figure>\n\n\n\n<p>Retrouvez ici quelques-unes de mes exp\u00e9rimentations\/travaux sonore avec le logiciel Usine Hollyhock et d&rsquo;autres logiciels : :&nbsp;<a href=\"https:\/\/vimeo.com\/nayseven\">https:\/\/vimeo.com\/nayseven<\/a><\/p>\n\n\n\n<h2>Chaine youtube<\/h2>\n\n\n\n<p><a href=\"https:\/\/www.youtube.com\/channel\/UCcCzUh-wyAB4LRWy7Q5bLYQ\/\"><img loading=\"lazy\" class=\"alignnone size-medium wp-image-721\" src=\"https:\/\/nay-seven.com\/wp-content\/uploads\/2020\/11\/youtube-yan-300x279.png\" alt=\"\" width=\"300\" height=\"279\" srcset=\"https:\/\/nay-seven.com\/wp-content\/uploads\/2020\/11\/youtube-yan-300x279.png 300w, https:\/\/nay-seven.com\/wp-content\/uploads\/2020\/11\/youtube-yan-768x715.png 768w, https:\/\/nay-seven.com\/wp-content\/uploads\/2020\/11\/youtube-yan-322x300.png 322w, https:\/\/nay-seven.com\/wp-content\/uploads\/2020\/11\/youtube-yan.png 886w\" sizes=\"(max-width: 300px) 100vw, 300px\" \/><\/a><\/p>\n","protected":false},"excerpt":{"rendered":"<p>The Ceremony &#8211; Migration Series 3\/3 (Rennes Edition &#8211; Maintenant festival) Encore plein de super souvenirs de cette semaine de r\u00e9sidence, merci\u00a0 \u00e0 Electroni-k et Maintenant Festival et le CCNRB de nous offrir ces espaces de cr\u00e9ation, malgr\u00e9 tous les &hellip; <a href=\"https:\/\/nay-seven.com\/index.php\/videos\/\">Continuer la lecture <span class=\"meta-nav\">&rarr;<\/span><\/a><\/p>\n","protected":false},"author":1,"featured_media":0,"parent":0,"menu_order":0,"comment_status":"closed","ping_status":"closed","template":"","meta":{"_bbp_topic_count":0,"_bbp_reply_count":0,"_bbp_total_topic_count":0,"_bbp_total_reply_count":0,"_bbp_voice_count":0,"_bbp_anonymous_reply_count":0,"_bbp_topic_count_hidden":0,"_bbp_reply_count_hidden":0,"_bbp_forum_subforum_count":0},"_links":{"self":[{"href":"https:\/\/nay-seven.com\/index.php\/wp-json\/wp\/v2\/pages\/199"}],"collection":[{"href":"https:\/\/nay-seven.com\/index.php\/wp-json\/wp\/v2\/pages"}],"about":[{"href":"https:\/\/nay-seven.com\/index.php\/wp-json\/wp\/v2\/types\/page"}],"author":[{"embeddable":true,"href":"https:\/\/nay-seven.com\/index.php\/wp-json\/wp\/v2\/users\/1"}],"replies":[{"embeddable":true,"href":"https:\/\/nay-seven.com\/index.php\/wp-json\/wp\/v2\/comments?post=199"}],"version-history":[{"count":12,"href":"https:\/\/nay-seven.com\/index.php\/wp-json\/wp\/v2\/pages\/199\/revisions"}],"predecessor-version":[{"id":759,"href":"https:\/\/nay-seven.com\/index.php\/wp-json\/wp\/v2\/pages\/199\/revisions\/759"}],"wp:attachment":[{"href":"https:\/\/nay-seven.com\/index.php\/wp-json\/wp\/v2\/media?parent=199"}],"curies":[{"name":"wp","href":"https:\/\/api.w.org\/{rel}","templated":true}]}}