{"id":744,"date":"2021-04-18T18:04:35","date_gmt":"2021-04-18T16:04:35","guid":{"rendered":"http:\/\/nay-seven.com\/?page_id=744"},"modified":"2021-04-18T18:04:35","modified_gmt":"2021-04-18T16:04:35","slug":"patching","status":"publish","type":"page","link":"https:\/\/nay-seven.com\/index.php\/patching\/","title":{"rendered":"Patching"},"content":{"rendered":"\n<p>Vous trouverez ici des patches pour diff\u00e9rent logiciels.<\/p>\n\n\n\n<figure class=\"wp-block-embed-vimeo wp-block-embed is-type-video is-provider-vimeo wp-embed-aspect-1-1 wp-has-aspect-ratio\"><div class=\"wp-block-embed__wrapper\">\n<iframe loading=\"lazy\" title=\"Revisit\" src=\"https:\/\/player.vimeo.com\/video\/537376123?h=4315091909&amp;dnt=1&amp;app_id=122963\" width=\"584\" height=\"565\" frameborder=\"0\" allow=\"autoplay; fullscreen; picture-in-picture\" allowfullscreen><\/iframe>\n<\/div><\/figure>\n\n\n\n<p>Un premier patch pour le logiciel Usine Hollyhock, il vous permet de \u00ab\u00a0revisiter \u00a0\u00bb vos fichiers MIDI, \u00e0 l&rsquo;aide d&rsquo;un clavier MIDI ou du clavier de votre ordinateur. Chaque touche permettra de jouer une partie de ce fichier. Relier votre plug-in pr\u00e9f\u00e9r\u00e9 \u00e0 la suite dans votre rack pour jouer cette partie.<\/p>\n<p>Si ce patch vous int\u00e9resse, vous pouvez vous le procurer <a href=\"https:\/\/gum.co\/khNpL\">\u00e0 cette adresse .<\/a><\/p>\n","protected":false},"excerpt":{"rendered":"<p>Vous trouverez ici des patches pour diff\u00e9rent logiciels. Un premier patch pour le logiciel Usine Hollyhock, il vous permet de \u00ab\u00a0revisiter \u00a0\u00bb vos fichiers MIDI, \u00e0 l&rsquo;aide d&rsquo;un clavier MIDI ou du clavier de votre ordinateur. Chaque touche permettra de &hellip; <a href=\"https:\/\/nay-seven.com\/index.php\/patching\/\">Continuer la lecture <span class=\"meta-nav\">&rarr;<\/span><\/a><\/p>\n","protected":false},"author":1,"featured_media":0,"parent":0,"menu_order":0,"comment_status":"closed","ping_status":"closed","template":"","meta":{"_bbp_topic_count":0,"_bbp_reply_count":0,"_bbp_total_topic_count":0,"_bbp_total_reply_count":0,"_bbp_voice_count":0,"_bbp_anonymous_reply_count":0,"_bbp_topic_count_hidden":0,"_bbp_reply_count_hidden":0,"_bbp_forum_subforum_count":0},"_links":{"self":[{"href":"https:\/\/nay-seven.com\/index.php\/wp-json\/wp\/v2\/pages\/744"}],"collection":[{"href":"https:\/\/nay-seven.com\/index.php\/wp-json\/wp\/v2\/pages"}],"about":[{"href":"https:\/\/nay-seven.com\/index.php\/wp-json\/wp\/v2\/types\/page"}],"author":[{"embeddable":true,"href":"https:\/\/nay-seven.com\/index.php\/wp-json\/wp\/v2\/users\/1"}],"replies":[{"embeddable":true,"href":"https:\/\/nay-seven.com\/index.php\/wp-json\/wp\/v2\/comments?post=744"}],"version-history":[{"count":5,"href":"https:\/\/nay-seven.com\/index.php\/wp-json\/wp\/v2\/pages\/744\/revisions"}],"predecessor-version":[{"id":750,"href":"https:\/\/nay-seven.com\/index.php\/wp-json\/wp\/v2\/pages\/744\/revisions\/750"}],"wp:attachment":[{"href":"https:\/\/nay-seven.com\/index.php\/wp-json\/wp\/v2\/media?parent=744"}],"curies":[{"name":"wp","href":"https:\/\/api.w.org\/{rel}","templated":true}]}}